{"id":3,"date":"2021-09-14T08:36:40","date_gmt":"2021-09-14T08:36:40","guid":{"rendered":"https:\/\/hotel-terme-milano.local\/?page_id=3"},"modified":"2025-03-14T03:36:14","modified_gmt":"2025-03-14T02:36:14","slug":"privacy-policy","status":"publish","type":"page","link":"https:\/\/www.dominosuitehoteljesolo.com\/it\/privacy-policy\/","title":{"rendered":"Privacy Policy"},"content":{"rendered":"\n<p><strong>INFORMATIVA PRIVACY<\/strong><br><strong>REGOLAMENTO (UE) n. 2016\/679 DEL PARLAMENTO EUROPEO E DEL CONSIGLIO<\/strong><br><strong>DEL 27 APRILE 2016 E NORMATIVA VIGENTE<\/strong><\/p>\n\n\n\n<p>Si informano gli utenti del sito internet www.dominosuitehoteljesolo.com che la societ\u00e0 HOSPITALITY 4.0 SRL (di seguito anche \u201cSociet\u00e0\u201d), nella persona del suo rappresentante legale, \u00e8 titolare del trattamento dei Dati Personali. I dati comunicati tramite i contatti presenti sul sito internet della Societ\u00e0 saranno oggetto di trattamento nel rispetto della normativa vigente.<\/p>\n\n\n\n<p><strong>Dati Personali trattati:<\/strong><br>Si chiede espressamente di non fornire mai dati \u201cparticolari\u201d, sensibili (es. dati medici, provvedimenti penali ecc.). La Societ\u00e0 tratter\u00e0 i seguenti dati personali forniti dall\u2019interessato: dati anagrafici (quali: nome, cognome, data di nascita), e-mail, telefono, indirizzo, ed equiparabili.<\/p>\n\n\n\n<p><strong>Finalit\u00e0 del trattamento:<\/strong><br>I dati messi a disposizione della Societ\u00e0 potranno essere utilizzati per le seguenti finalit\u00e0:<br>gestire e ottemperare alle richieste inoltrate tramite email o form di contatto;<br>consentire le attivit\u00e0 amministrative e\/o contabili e per l\u2019adempimento degli obblighi di legge;<br>per finalit\u00e0 di informazione (solo in seguito ad un eventuale, facoltativo ed esplicito consenso), come ad esempio: l\u2019invio di comunicazioni commerciali da parte della Societ\u00e0 e da altri soggetti che inviano comunicazioni per nome e conto della Societ\u00e0 stessa;<br>per finalit\u00e0 di profilazione (solo in seguito ad un eventuale, facoltativo ed esplicito consenso), per consentire l\u2019elaborazione di studi e ricerche statistiche, nonch\u00e9 per l\u2019analisi delle preferenze, per ricevere offerte personalizzate in base alle preferenze d\u2019acquisto.<br>per il trasferimento dei dati a partner commerciali della Societ\u00e0 (solo in seguito ad un eventuale, facoltativo ed esplicito consenso), ai fini della ricezione delle loro comunicazioni. Il mancato o inesatto conferimento dei dati, solo quando \u00e8 obbligatorio, impedirebbe la gestione e l\u2019evasione delle richieste e di usufruire dei servizi della Societ\u00e0; inoltre sarebbe impossibile, l\u2019esecuzione delle attivit\u00e0 di natura amministrativo e\/o contabile e il corretto adempimento degli obblighi normativi. Con riferimento alle ulteriori finalit\u00e0 evidenziate come facoltative il mancato conferimento dei dati impedirebbe l\u2019invio di comunicazioni promozionali, lo svolgimento di attivit\u00e0 di profilazione e l\u2019invio di offerte personalizzate; inoltre sarebbe impossibile il trasferimento dei dati a partner commerciali.<\/p>\n\n\n\n<p><strong>Modalit\u00e0 del trattamento:<\/strong><br>Il trattamento dei dati avverr\u00e0 sia con strumenti cartacei che elettronici. Non verranno posti in essere processi decisionali automatizzati.<\/p>\n\n\n\n<p><strong>Destinatari dei Dati Personali:<\/strong><br>Potranno venire a conoscenza dei dati anche, il Responsabile per la Protezione dei Dati, i Responsabili esterni, i contitolari e gli Incaricati del trattamento dei dati. I dati potranno essere comunicati ad eventuali soggetti che forniscano alla Societ\u00e0 prestazioni o servizi strumentali alle finalit\u00e0 indicate nel precedente paragrafo n.2. I dati sono trattati e conservati in Italia, presso la sede sociale; potranno essere eventualmente trasferiti, ma sempre in Italia in conformit\u00e0 a quanto previsto dalla normativa vigente e per le finalit\u00e0 del precedente paragrafo n.2.<\/p>\n\n\n\n<p><strong>Durata e Conservazione dei dati:<\/strong><br>Per le finalit\u00e0 di cui al paragrafo 2, i dati saranno trattati solo per il tempo necessario; principalmente secondo i seguenti criteri:<br>I dati forniti per gestire ottemperare alle richieste inoltrate verranno conservati per tutto il tempo necessario all\u2019espletamento della pratica e per un periodo di 10 anni successivo alla interruzione del rapporto, salvo sorga l\u2019esigenza di una ulteriore conservazione.<br>I dati forniti per finalit\u00e0 contabili e\/o fiscali saranno conservati per un periodo di 15 anni.<br>I dati trattati per finalit\u00e0 facoltative di marketing e profilazione, saranno conservati per un tempo massimo di 24 mesi.<br>I server e gli archivi cartacei attualmente sono in Italia, presso la sede della Societ\u00e0.<br>Diritti dell\u2019Interessato:<br>Si informa che in qualunque momento, si potranno esercitare i diritti di seguito brevemente descritti, anche contattando direttamente la Societ\u00e0;<\/p>\n\n\n\n<p><strong>L\u2019Interessato ha il diritto di:<br><\/strong>revocare il consenso precedentemente prestato;<br>chiedere al Titolare del trattamento l\u2019accesso, la rettifica o la cancellazione (anche con riferimento al cosiddetto \u201cdiritto all\u2019oblio\u201d) dei dati o la limitazione del trattamento o di opporsi al loro trattamento;<br>ottenere la portabilit\u00e0 dei dati;<br>proporre reclamo al Garante per la Protezione dei Dati Personali qualora ritenga che i propri diritti siano stati lesi.<br>Titolare del trattamento e soggetti responsabili:<br>Il Titolare del trattamento dei dati \u00e8 la societ\u00e0 HOSPITALITY 4.0 SRL nella persona del Legale rappresentante pro tempore, con sede in Via Gorizia n. 8 &#8211; 30016 Lido di Jesolo (VE) Italy. L\u2019elenco aggiornato dei soggetti nominati Responsabili \u00e8 disponibile presso la sede sociale ed \u00e8 conoscibile attraverso apposita richiesta scritta tramite e-mail o raccomandata A\/R.<\/p>\n\n\n\n<p><strong>Riferimenti alle privacy policy di terze parti<\/strong><br>Google Analytics&nbsp;\u2013 Luogo del trattamento: USA \u2013&nbsp;Privacy policy<br>Google Maps&nbsp;\u2013 Luogo del trattamento: USA \u2013&nbsp;Privacy policy<br>Facebook&nbsp;\u2013 Luogo del trattamento: USA \u2013&nbsp;Privacy policy<br>Youtube&nbsp;\u2013 Luogo del trattamento: USA \u2013&nbsp;Privacy policy<\/p>\n\n\n\n<p><strong>Aggiornamenti<\/strong><br>La privacy policy di questo Sito pu\u00f2 essere soggetta ad aggiornamenti. Gli Utenti sono pertanto invitati a verificarne periodicamente il contenuto.<\/p>\n","protected":false},"excerpt":{"rendered":"<p>INFORMATIVA PRIVACYREGOLAMENTO (UE) n. 2016\/679 DEL PARLAMENTO EUROPEO E DEL CONSIGLIODEL 27 APRILE 2016 E NORMATIVA VIGENTE Si informano gli utenti del sito internet www.dominosuitehoteljesolo.com che la societ\u00e0 HOSPITALITY 4.0 SRL (di seguito anche \u201cSociet\u00e0\u201d), nella persona del suo rappresentante legale, \u00e8 titolare del trattamento dei Dati Personali. I dati comunicati tramite i contatti presenti&hellip; <a class=\"more-link\" href=\"https:\/\/www.dominosuitehoteljesolo.com\/it\/privacy-policy\/\">Continua a leggere <span class=\"screen-reader-text\">Privacy Policy<\/span><\/a><\/p>\n","protected":false},"author":143,"featured_media":948,"parent":0,"menu_order":0,"comment_status":"closed","ping_status":"open","template":"","meta":{"_acf_changed":false,"advgb_blocks_editor_width":"","advgb_blocks_columns_visual_guide":"","footnotes":""},"class_list":["post-3","page","type-page","status-publish","has-post-thumbnail","hentry","entry"],"acf":[],"yoast_head":"<!-- This site is optimized with the Yoast SEO plugin v27.4 - https:\/\/yoast.com\/product\/yoast-seo-wordpress\/ -->\n<title>Privacy Policy - Domino Suite Hotel &amp; Residence<\/title>\n<meta name=\"robots\" content=\"index, follow, max-snippet:-1, max-image-preview:large, max-video-preview:-1\" \/>\n<link rel=\"canonical\" href=\"https:\/\/www.dominosuitehoteljesolo.com\/it\/privacy-policy\/\" \/>\n<meta property=\"og:locale\" content=\"it_IT\" \/>\n<meta property=\"og:type\" content=\"article\" \/>\n<meta property=\"og:title\" content=\"Privacy Policy - Domino Suite Hotel &amp; Residence\" \/>\n<meta property=\"og:description\" content=\"INFORMATIVA PRIVACYREGOLAMENTO (UE) n. 2016\/679 DEL PARLAMENTO EUROPEO E DEL CONSIGLIODEL 27 APRILE 2016 E NORMATIVA VIGENTE Si informano gli utenti del sito internet www.dominosuitehoteljesolo.com che la societ\u00e0 HOSPITALITY 4.0 SRL (di seguito anche \u201cSociet\u00e0\u201d), nella persona del suo rappresentante legale, \u00e8 titolare del trattamento dei Dati Personali. I dati comunicati tramite i contatti presenti&hellip; Continua a leggere Privacy Policy\" \/>\n<meta property=\"og:url\" content=\"https:\/\/www.dominosuitehoteljesolo.com\/it\/privacy-policy\/\" \/>\n<meta property=\"og:site_name\" content=\"Domino Suite Hotel &amp; Residence\" \/>\n<meta property=\"article:modified_time\" content=\"2025-03-14T02:36:14+00:00\" \/>\n<meta property=\"og:image\" content=\"https:\/\/www.dominosuitehoteljesolo.com\/wp-content\/uploads\/2022\/03\/domino-suite-hotel-suite-medium-05.jpg\" \/>\n\t<meta property=\"og:image:width\" content=\"1600\" \/>\n\t<meta property=\"og:image:height\" content=\"500\" \/>\n\t<meta property=\"og:image:type\" content=\"image\/jpeg\" \/>\n<meta name=\"twitter:card\" content=\"summary_large_image\" \/>\n<meta name=\"twitter:label1\" content=\"Tempo di lettura stimato\" \/>\n\t<meta name=\"twitter:data1\" content=\"5 minuti\" \/>\n<script type=\"application\/ld+json\" class=\"yoast-schema-graph\">{\"@context\":\"https:\\\/\\\/schema.org\",\"@graph\":[{\"@type\":\"WebPage\",\"@id\":\"https:\\\/\\\/www.dominosuitehoteljesolo.com\\\/it\\\/privacy-policy\\\/\",\"url\":\"https:\\\/\\\/www.dominosuitehoteljesolo.com\\\/it\\\/privacy-policy\\\/\",\"name\":\"Privacy Policy - Domino Suite Hotel &amp; Residence\",\"isPartOf\":{\"@id\":\"https:\\\/\\\/www.dominosuitehoteljesolo.com\\\/it\\\/#website\"},\"primaryImageOfPage\":{\"@id\":\"https:\\\/\\\/www.dominosuitehoteljesolo.com\\\/it\\\/privacy-policy\\\/#primaryimage\"},\"image\":{\"@id\":\"https:\\\/\\\/www.dominosuitehoteljesolo.com\\\/it\\\/privacy-policy\\\/#primaryimage\"},\"thumbnailUrl\":\"https:\\\/\\\/www.dominosuitehoteljesolo.com\\\/wp-content\\\/uploads\\\/2022\\\/03\\\/domino-suite-hotel-suite-medium-05.jpg\",\"datePublished\":\"2021-09-14T08:36:40+00:00\",\"dateModified\":\"2025-03-14T02:36:14+00:00\",\"breadcrumb\":{\"@id\":\"https:\\\/\\\/www.dominosuitehoteljesolo.com\\\/it\\\/privacy-policy\\\/#breadcrumb\"},\"inLanguage\":\"it-IT\",\"potentialAction\":[{\"@type\":\"ReadAction\",\"target\":[\"https:\\\/\\\/www.dominosuitehoteljesolo.com\\\/it\\\/privacy-policy\\\/\"]}]},{\"@type\":\"ImageObject\",\"inLanguage\":\"it-IT\",\"@id\":\"https:\\\/\\\/www.dominosuitehoteljesolo.com\\\/it\\\/privacy-policy\\\/#primaryimage\",\"url\":\"https:\\\/\\\/www.dominosuitehoteljesolo.com\\\/wp-content\\\/uploads\\\/2022\\\/03\\\/domino-suite-hotel-suite-medium-05.jpg\",\"contentUrl\":\"https:\\\/\\\/www.dominosuitehoteljesolo.com\\\/wp-content\\\/uploads\\\/2022\\\/03\\\/domino-suite-hotel-suite-medium-05.jpg\",\"width\":1600,\"height\":500},{\"@type\":\"BreadcrumbList\",\"@id\":\"https:\\\/\\\/www.dominosuitehoteljesolo.com\\\/it\\\/privacy-policy\\\/#breadcrumb\",\"itemListElement\":[{\"@type\":\"ListItem\",\"position\":1,\"name\":\"Home\",\"item\":\"https:\\\/\\\/www.dominosuitehoteljesolo.com\\\/it\\\/\"},{\"@type\":\"ListItem\",\"position\":2,\"name\":\"Privacy Policy\"}]},{\"@type\":\"WebSite\",\"@id\":\"https:\\\/\\\/www.dominosuitehoteljesolo.com\\\/it\\\/#website\",\"url\":\"https:\\\/\\\/www.dominosuitehoteljesolo.com\\\/it\\\/\",\"name\":\"Domino Suite Hotel &amp; Residence\",\"description\":\"Hotel e residence 3 stelle a Lido di Jesolo.\",\"publisher\":{\"@id\":\"https:\\\/\\\/www.dominosuitehoteljesolo.com\\\/it\\\/#organization\"},\"potentialAction\":[{\"@type\":\"SearchAction\",\"target\":{\"@type\":\"EntryPoint\",\"urlTemplate\":\"https:\\\/\\\/www.dominosuitehoteljesolo.com\\\/it\\\/?s={search_term_string}\"},\"query-input\":{\"@type\":\"PropertyValueSpecification\",\"valueRequired\":true,\"valueName\":\"search_term_string\"}}],\"inLanguage\":\"it-IT\"},{\"@type\":\"Organization\",\"@id\":\"https:\\\/\\\/www.dominosuitehoteljesolo.com\\\/it\\\/#organization\",\"name\":\"Domino Suite Hotel &amp; Residence\",\"url\":\"https:\\\/\\\/www.dominosuitehoteljesolo.com\\\/it\\\/\",\"logo\":{\"@type\":\"ImageObject\",\"inLanguage\":\"it-IT\",\"@id\":\"https:\\\/\\\/www.dominosuitehoteljesolo.com\\\/it\\\/#\\\/schema\\\/logo\\\/image\\\/\",\"url\":\"http:\\\/\\\/dominosuitehoteljesolo.srv11-mediacy.it\\\/wp-content\\\/uploads\\\/2022\\\/02\\\/logo.png\",\"contentUrl\":\"http:\\\/\\\/dominosuitehoteljesolo.srv11-mediacy.it\\\/wp-content\\\/uploads\\\/2022\\\/02\\\/logo.png\",\"width\":282,\"height\":300,\"caption\":\"Domino Suite Hotel &amp; Residence\"},\"image\":{\"@id\":\"https:\\\/\\\/www.dominosuitehoteljesolo.com\\\/it\\\/#\\\/schema\\\/logo\\\/image\\\/\"}}]}<\/script>\n<!-- \/ Yoast SEO plugin. -->","yoast_head_json":{"title":"Privacy Policy - Domino Suite Hotel &amp; Residence","robots":{"index":"index","follow":"follow","max-snippet":"max-snippet:-1","max-image-preview":"max-image-preview:large","max-video-preview":"max-video-preview:-1"},"canonical":"https:\/\/www.dominosuitehoteljesolo.com\/it\/privacy-policy\/","og_locale":"it_IT","og_type":"article","og_title":"Privacy Policy - Domino Suite Hotel &amp; Residence","og_description":"INFORMATIVA PRIVACYREGOLAMENTO (UE) n. 2016\/679 DEL PARLAMENTO EUROPEO E DEL CONSIGLIODEL 27 APRILE 2016 E NORMATIVA VIGENTE Si informano gli utenti del sito internet www.dominosuitehoteljesolo.com che la societ\u00e0 HOSPITALITY 4.0 SRL (di seguito anche \u201cSociet\u00e0\u201d), nella persona del suo rappresentante legale, \u00e8 titolare del trattamento dei Dati Personali. I dati comunicati tramite i contatti presenti&hellip; Continua a leggere Privacy Policy","og_url":"https:\/\/www.dominosuitehoteljesolo.com\/it\/privacy-policy\/","og_site_name":"Domino Suite Hotel &amp; Residence","article_modified_time":"2025-03-14T02:36:14+00:00","og_image":[{"width":1600,"height":500,"url":"https:\/\/www.dominosuitehoteljesolo.com\/wp-content\/uploads\/2022\/03\/domino-suite-hotel-suite-medium-05.jpg","type":"image\/jpeg"}],"twitter_card":"summary_large_image","twitter_misc":{"Tempo di lettura stimato":"5 minuti"},"schema":{"@context":"https:\/\/schema.org","@graph":[{"@type":"WebPage","@id":"https:\/\/www.dominosuitehoteljesolo.com\/it\/privacy-policy\/","url":"https:\/\/www.dominosuitehoteljesolo.com\/it\/privacy-policy\/","name":"Privacy Policy - Domino Suite Hotel &amp; Residence","isPartOf":{"@id":"https:\/\/www.dominosuitehoteljesolo.com\/it\/#website"},"primaryImageOfPage":{"@id":"https:\/\/www.dominosuitehoteljesolo.com\/it\/privacy-policy\/#primaryimage"},"image":{"@id":"https:\/\/www.dominosuitehoteljesolo.com\/it\/privacy-policy\/#primaryimage"},"thumbnailUrl":"https:\/\/www.dominosuitehoteljesolo.com\/wp-content\/uploads\/2022\/03\/domino-suite-hotel-suite-medium-05.jpg","datePublished":"2021-09-14T08:36:40+00:00","dateModified":"2025-03-14T02:36:14+00:00","breadcrumb":{"@id":"https:\/\/www.dominosuitehoteljesolo.com\/it\/privacy-policy\/#breadcrumb"},"inLanguage":"it-IT","potentialAction":[{"@type":"ReadAction","target":["https:\/\/www.dominosuitehoteljesolo.com\/it\/privacy-policy\/"]}]},{"@type":"ImageObject","inLanguage":"it-IT","@id":"https:\/\/www.dominosuitehoteljesolo.com\/it\/privacy-policy\/#primaryimage","url":"https:\/\/www.dominosuitehoteljesolo.com\/wp-content\/uploads\/2022\/03\/domino-suite-hotel-suite-medium-05.jpg","contentUrl":"https:\/\/www.dominosuitehoteljesolo.com\/wp-content\/uploads\/2022\/03\/domino-suite-hotel-suite-medium-05.jpg","width":1600,"height":500},{"@type":"BreadcrumbList","@id":"https:\/\/www.dominosuitehoteljesolo.com\/it\/privacy-policy\/#breadcrumb","itemListElement":[{"@type":"ListItem","position":1,"name":"Home","item":"https:\/\/www.dominosuitehoteljesolo.com\/it\/"},{"@type":"ListItem","position":2,"name":"Privacy Policy"}]},{"@type":"WebSite","@id":"https:\/\/www.dominosuitehoteljesolo.com\/it\/#website","url":"https:\/\/www.dominosuitehoteljesolo.com\/it\/","name":"Domino Suite Hotel &amp; Residence","description":"Hotel e residence 3 stelle a Lido di Jesolo.","publisher":{"@id":"https:\/\/www.dominosuitehoteljesolo.com\/it\/#organization"},"potentialAction":[{"@type":"SearchAction","target":{"@type":"EntryPoint","urlTemplate":"https:\/\/www.dominosuitehoteljesolo.com\/it\/?s={search_term_string}"},"query-input":{"@type":"PropertyValueSpecification","valueRequired":true,"valueName":"search_term_string"}}],"inLanguage":"it-IT"},{"@type":"Organization","@id":"https:\/\/www.dominosuitehoteljesolo.com\/it\/#organization","name":"Domino Suite Hotel &amp; Residence","url":"https:\/\/www.dominosuitehoteljesolo.com\/it\/","logo":{"@type":"ImageObject","inLanguage":"it-IT","@id":"https:\/\/www.dominosuitehoteljesolo.com\/it\/#\/schema\/logo\/image\/","url":"http:\/\/dominosuitehoteljesolo.srv11-mediacy.it\/wp-content\/uploads\/2022\/02\/logo.png","contentUrl":"http:\/\/dominosuitehoteljesolo.srv11-mediacy.it\/wp-content\/uploads\/2022\/02\/logo.png","width":282,"height":300,"caption":"Domino Suite Hotel &amp; Residence"},"image":{"@id":"https:\/\/www.dominosuitehoteljesolo.com\/it\/#\/schema\/logo\/image\/"}}]}},"coauthors":[],"author_meta":{"author_link":"https:\/\/www.dominosuitehoteljesolo.com\/it\/author\/jsio34h2qsjio6m45ijds\/","display_name":"Luca"},"relative_dates":{"created":"Pubblicato 5 anni fa","modified":"Aggiornato 1 anno fa"},"absolute_dates":{"created":"Pubblicato il 14\/09\/2021","modified":"Aggiornato il 14\/03\/2025"},"absolute_dates_time":{"created":"Pubblicato il 14\/09\/2021 08:36","modified":"Aggiornato il 14\/03\/2025 03:36"},"featured_img_caption":"","featured_img":"https:\/\/www.dominosuitehoteljesolo.com\/wp-content\/uploads\/2022\/03\/domino-suite-hotel-suite-medium-05-1568x490.jpg","series_order":"","_links":{"self":[{"href":"https:\/\/www.dominosuitehoteljesolo.com\/it\/wp-json\/wp\/v2\/pages\/3","targetHints":{"allow":["GET"]}}],"collection":[{"href":"https:\/\/www.dominosuitehoteljesolo.com\/it\/wp-json\/wp\/v2\/pages"}],"about":[{"href":"https:\/\/www.dominosuitehoteljesolo.com\/it\/wp-json\/wp\/v2\/types\/page"}],"author":[{"embeddable":true,"href":"https:\/\/www.dominosuitehoteljesolo.com\/it\/wp-json\/wp\/v2\/users\/143"}],"replies":[{"embeddable":true,"href":"https:\/\/www.dominosuitehoteljesolo.com\/it\/wp-json\/wp\/v2\/comments?post=3"}],"version-history":[{"count":7,"href":"https:\/\/www.dominosuitehoteljesolo.com\/it\/wp-json\/wp\/v2\/pages\/3\/revisions"}],"predecessor-version":[{"id":3516,"href":"https:\/\/www.dominosuitehoteljesolo.com\/it\/wp-json\/wp\/v2\/pages\/3\/revisions\/3516"}],"wp:featuredmedia":[{"embeddable":true,"href":"https:\/\/www.dominosuitehoteljesolo.com\/it\/wp-json\/wp\/v2\/media\/948"}],"wp:attachment":[{"href":"https:\/\/www.dominosuitehoteljesolo.com\/it\/wp-json\/wp\/v2\/media?parent=3"}],"curies":[{"name":"wp","href":"https:\/\/api.w.org\/{rel}","templated":true}]}}