{"id":1340,"date":"2022-03-08T15:01:40","date_gmt":"2022-03-08T14:01:40","guid":{"rendered":"http:\/\/dominosuitehoteljesolo.srv11-mediacy.it\/dove-siamo\/"},"modified":"2022-03-16T17:48:31","modified_gmt":"2022-03-16T16:48:31","slug":"wo-wir-sind","status":"publish","type":"page","link":"https:\/\/www.dominosuitehoteljesolo.com\/de\/wo-wir-sind\/","title":{"rendered":"Wo wir sind"},"content":{"rendered":"<div  class=\"grids-section no-padding-grid grids-is-advanced alignfull\" style=\"--_gs-gap-desktop:0px 0px;--_gs-m-desktop:0 0 0 0;--_gs-p-desktop:0 0 0 0;--_gs-bg-desktop:transparent none;--_gs-bg-xp-desktop:0px;--_gs-zi-desktop:auto;--_gs-d-desktop:block;--_gs-mw-desktop:calc(100% - 0 - 0);--_gs-gap-tablet:0px 0px;--_gs-m-tablet:0 0 0 0;--_gs-p-tablet:0 0 0 0;--_gs-bg-tablet:transparent none;--_gs-bg-xp-tablet:0px;--_gs-zi-tablet:auto;--_gs-d-tablet:block;--_gs-mw-tablet:calc(100% - 0 - 0);--_gs-gap-mobile:0px 0px;--_gs-m-mobile:0 0 0 0;--_gs-p-mobile:0 0 0 0;--_gs-bg-mobile:transparent none;--_gs-bg-xp-mobile:0px;--_gs-zi-mobile:auto;--_gs-d-mobile:block;--_gs-mw-mobile:calc(100% - 0 - 0);--_gs-columns:12;--_gs-rows:6\"><div class=\"grids-s-w_i\">\n<div class=\"grids-area text-box-with-padding\" style=\"--_ga-column:2\/12;--_ga-row:1\/2;--_ga-va:center;--_ga-m-desktop:0 0 0 0;--_ga-p-desktop:0 0 0 0;--_ga-bg-desktop:transparent none;--_ga-zi-desktop:auto;--_ga-d-desktop:flex;--_ga-mw-desktop:calc(100% - 0 - 0);--_ga-m-tablet:0 0 0 0;--_ga-p-tablet:0 0 0 0;--_ga-bg-tablet:transparent none;--_ga-zi-tablet:auto;--_ga-d-tablet:flex;--_ga-mw-tablet:calc(100% - 0 - 0);--_ga-m-mobile:0 0 0 0;--_ga-p-mobile:0 0 0 0;--_ga-bg-mobile:transparent none;--_ga-zi-mobile:auto;--_ga-d-mobile:flex;--_ga-mw-mobile:calc(100% - 0 - 0)\">\n\n<h2 class=\"has-text-align-center wp-block-heading\"><strong>Wo wir sind und wie wir zu erreichen sind<\/strong><\/h2>\n\n\n<div class=\"custom_separator center\"><span class=\"black\"><\/span><span class=\"white\"><\/span><span class=\"red\"><\/span><span class=\"white\"><\/span><span class=\"black\"><\/span><span class=\"white\"><\/span><span class=\"red\"><\/span><\/div>\n\n\n\n<h3 class=\"has-text-align-center wp-block-heading\">Ein paar Schritte vom Meer und der Hauptstra\u00dfe von Jesolo entfernt<\/h3>\n\n\n\n<p class=\"has-text-align-center\">Nur 250 Meter vom Meer und dem goldenen Strand von Jesolo entfernt, nur wenige Schritte von der Piazza Aurora und der Via Bafile, der ber\u00fchmten Fu\u00dfg\u00e4ngerzone, beeindruckt das Domino Suite Hotel durch seine leuchtend rote und wei\u00dfe Architektur.<\/p>\n\n<\/div>\n<\/div><\/div>\n\n<div  class=\"grids-section grids-is-advanced\" style=\"--_gs-gap-desktop:0px 0px;--_gs-m-desktop:0 0 0 0;--_gs-p-desktop:0 0 0 0;--_gs-bg-desktop:transparent none;--_gs-bg-xp-desktop:0px;--_gs-zi-desktop:auto;--_gs-d-desktop:block;--_gs-mw-desktop:calc(100% - 0 - 0);--_gs-gap-tablet:0px 0px;--_gs-m-tablet:0 0 0 0;--_gs-p-tablet:0 0 0 0;--_gs-bg-tablet:transparent none;--_gs-bg-xp-tablet:0px;--_gs-zi-tablet:auto;--_gs-d-tablet:block;--_gs-mw-tablet:calc(100% - 0 - 0);--_gs-gap-mobile:0px 0px;--_gs-m-mobile:0 0 0 0;--_gs-p-mobile:0 0 0 0;--_gs-bg-mobile:transparent none;--_gs-bg-xp-mobile:0px;--_gs-zi-mobile:auto;--_gs-d-mobile:block;--_gs-mw-mobile:calc(100% - 0 - 0);--_gs-columns:12;--_gs-rows:6\"><div class=\"grids-s-w_i\">\n<div class=\"grids-area\" style=\"--_ga-column:2\/12;--_ga-row:1\/2;--_ga-m-desktop:0 0 0 0;--_ga-p-desktop:0 0 0 0;--_ga-bg-desktop:transparent none;--_ga-zi-desktop:auto;--_ga-d-desktop:flex;--_ga-mw-desktop:calc(100% - 0 - 0);--_ga-m-tablet:0 0 0 0;--_ga-p-tablet:0 0 0 0;--_ga-bg-tablet:transparent none;--_ga-zi-tablet:auto;--_ga-d-tablet:flex;--_ga-mw-tablet:calc(100% - 0 - 0);--_ga-m-mobile:0 0 0 0;--_ga-p-mobile:0 0 0 0;--_ga-bg-mobile:transparent none;--_ga-zi-mobile:auto;--_ga-d-mobile:flex;--_ga-mw-mobile:calc(100% - 0 - 0)\">\n\n<iframe src=\"https:\/\/www.google.com\/maps\/embed?pb=!1m18!1m12!1m3!1d2796.8008145152517!2d12.607775015548059!3d45.493955679101255!2m3!1f0!2f0!3f0!3m2!1i1024!2i768!4f13.1!3m3!1m2!1s0x477c00678cfe00dd%3A0xc06f1f12c4c36069!2sDomino%20Suite%20Hotel!5e0!3m2!1sit!2sit!4v1646748247243!5m2!1sit!2sit\" width=\"100%\" height=\"450\" style=\"border:0;\" allowfullscreen=\"\" loading=\"lazy\"><\/iframe>\n\n<\/div>\n<\/div><\/div>\n\n<div  class=\"grids-section grids-is-advanced\" style=\"--_gs-gap-desktop:0px 0px;--_gs-m-desktop:0 0 0 0;--_gs-p-desktop:0 0 0 0;--_gs-bg-desktop:transparent none;--_gs-bg-xp-desktop:0px;--_gs-zi-desktop:auto;--_gs-d-desktop:block;--_gs-mw-desktop:calc(100% - 0 - 0);--_gs-gap-tablet:0px 0px;--_gs-m-tablet:0 0 0 0;--_gs-p-tablet:0 0 0 0;--_gs-bg-tablet:transparent none;--_gs-bg-xp-tablet:0px;--_gs-zi-tablet:auto;--_gs-d-tablet:block;--_gs-mw-tablet:calc(100% - 0 - 0);--_gs-gap-mobile:0px 0px;--_gs-m-mobile:0 0 0 0;--_gs-p-mobile:0 0 0 0;--_gs-bg-mobile:transparent none;--_gs-bg-xp-mobile:0px;--_gs-zi-mobile:auto;--_gs-d-mobile:block;--_gs-mw-mobile:calc(100% - 0 - 0);--_gs-columns:12;--_gs-rows:6\"><div class=\"grids-s-w_i\">\n<div class=\"grids-area\" style=\"--_ga-column:2\/12;--_ga-row:1\/2;--_ga-m-desktop:0 0 0 0;--_ga-p-desktop:0 0 0 0;--_ga-bg-desktop:transparent none;--_ga-zi-desktop:auto;--_ga-d-desktop:flex;--_ga-mw-desktop:calc(100% - 0 - 0);--_ga-m-tablet:0 0 0 0;--_ga-p-tablet:0 0 0 0;--_ga-bg-tablet:transparent none;--_ga-zi-tablet:auto;--_ga-d-tablet:flex;--_ga-mw-tablet:calc(100% - 0 - 0);--_ga-m-mobile:0 0 0 0;--_ga-p-mobile:0 0 0 0;--_ga-bg-mobile:transparent none;--_ga-zi-mobile:auto;--_ga-d-mobile:flex;--_ga-mw-mobile:calc(100% - 0 - 0)\">\n\n<h4 class=\"wp-block-heading\"><strong>Anfahrt<\/strong><\/h4>\n\n\n\n<p>Das Domino Suite Hotel ist leicht zu erreichen f\u00fcr Reisende mit dem Auto und mit den \u00f6ffentlichen Verkehrsmitteln.<\/p>\n\n\n\n<p><strong>MIT DEM AUTO<br><\/strong>Autobahn A4 Mailand\/Triest<br>Ausfahrt: San Don\u00e0 di Piave- Noventa<br><a href=\"https:\/\/www.google.it\/maps\/dir\/Casello+di+San+Don%C3%A0-Noventa,+Unnamed+Road,+30020,+Noventa+di+Piave+VE\/Via+Gorizia,+8,+30016+Jesolo+VE\/@45.6204784,12.583978,12z\/data=!4m14!4m13!1m5!1m1!1s0x477951d2a457c93b:0x8abd0bc3430657a5!2m2!1d12.5335846!2d45.668077!1m5!1m1!1s0x477c00613566b62d:0x50c0023af9d0a1d2!2m2!1d12.6101809!2d45.4939804!3e0\" target=\"_blank\" rel=\"noreferrer noopener\">Berechnen Sie die Route<\/a><\/p>\n\n\n\n<p><strong>MIT DEM ZUG<br><\/strong>Richtung Venezia-Trieste oder Venezia\/Portogruaro<br>Bahnhof: San Don\u00e0 di Piave<br>Tel. +39 0421 330835 &#8211; <a href=\"https:\/\/www.trenitalia.com\/\" target=\"_blank\" rel=\"noreferrer noopener\">www.trenitalia.com<\/a><\/p>\n\n\n\n<p><strong>MIT DEM FLUGZEUG<\/strong><br>Flughafen &#8222;MARCO POLO&#8220; Tessera- Venezia<br>Tel. +39 0421.26061111 <a href=\"http:\/\/www.veniceairport.it\" target=\"_blank\" rel=\"noreferrer noopener\">www.veniceairport.it<\/a><br>Flughafen &#8222;A.CANOVA&#8220;- TrevisoTel. +39 0422 315131 <a href=\"https:\/\/www.trevisoairport.it\" target=\"_blank\" rel=\"noreferrer noopener\">www.trevisoairport.it<\/a><br><a href=\"https:\/\/www.ryanair.com\" target=\"_blank\" rel=\"noreferrer noopener\">www.ryanair.com<\/a><\/p>\n\n\n\n<p><strong>TRANSFERSERVICE<br><\/strong>Auf Anfrage k\u00f6nnen wir f\u00fcr Sie einen bequemen Taxi-Transfer zu und von den Flugh\u00e4fen von Treviso oder Venedig arrangieren.<\/p>\n\n<\/div>\n<\/div><\/div>","protected":false},"excerpt":{"rendered":"","protected":false},"author":143,"featured_media":1158,"parent":0,"menu_order":0,"comment_status":"closed","ping_status":"closed","template":"","meta":{"_acf_changed":false,"advgb_blocks_editor_width":"","advgb_blocks_columns_visual_guide":"","footnotes":""},"class_list":["post-1340","page","type-page","status-publish","has-post-thumbnail","hentry","entry"],"acf":[],"yoast_head":"<!-- This site is optimized with the Yoast SEO plugin v27.4 - https:\/\/yoast.com\/product\/yoast-seo-wordpress\/ -->\n<title>Wo wir sind - Domino Suite Hotel &amp; Residence<\/title>\n<meta name=\"description\" content=\"Besuchen Sie uns im Hotel Domino Suite in Jesolo und erfahren Sie, wie Sie uns erreichen k\u00f6nnen.\" \/>\n<meta name=\"robots\" content=\"index, follow, max-snippet:-1, max-image-preview:large, max-video-preview:-1\" \/>\n<link rel=\"canonical\" href=\"https:\/\/www.dominosuitehoteljesolo.com\/de\/wo-wir-sind\/\" \/>\n<meta property=\"og:locale\" content=\"de_DE\" \/>\n<meta property=\"og:type\" content=\"article\" \/>\n<meta property=\"og:title\" content=\"Wo wir sind - Domino Suite Hotel &amp; Residence\" \/>\n<meta property=\"og:description\" content=\"Besuchen Sie uns im Hotel Domino Suite in Jesolo und erfahren Sie, wie Sie uns erreichen k\u00f6nnen.\" \/>\n<meta property=\"og:url\" content=\"https:\/\/www.dominosuitehoteljesolo.com\/de\/wo-wir-sind\/\" \/>\n<meta property=\"og:site_name\" content=\"Domino Suite Hotel &amp; Residence\" \/>\n<meta property=\"article:modified_time\" content=\"2022-03-16T16:48:31+00:00\" \/>\n<meta property=\"og:image\" content=\"https:\/\/www.dominosuitehoteljesolo.com\/wp-content\/uploads\/2022\/03\/domino-suite-hotel-facciata.jpg\" \/>\n\t<meta property=\"og:image:width\" content=\"1800\" \/>\n\t<meta property=\"og:image:height\" content=\"1200\" \/>\n\t<meta property=\"og:image:type\" content=\"image\/jpeg\" \/>\n<meta name=\"twitter:card\" content=\"summary_large_image\" \/>\n<meta name=\"twitter:label1\" content=\"Gesch\u00e4tzte Lesezeit\" \/>\n\t<meta name=\"twitter:data1\" content=\"1\u00a0Minute\" \/>\n<script type=\"application\/ld+json\" class=\"yoast-schema-graph\">{\"@context\":\"https:\\\/\\\/schema.org\",\"@graph\":[{\"@type\":\"WebPage\",\"@id\":\"https:\\\/\\\/www.dominosuitehoteljesolo.com\\\/de\\\/wo-wir-sind\\\/\",\"url\":\"https:\\\/\\\/www.dominosuitehoteljesolo.com\\\/de\\\/wo-wir-sind\\\/\",\"name\":\"Wo wir sind - Domino Suite Hotel &amp; Residence\",\"isPartOf\":{\"@id\":\"https:\\\/\\\/www.dominosuitehoteljesolo.com\\\/de\\\/#website\"},\"primaryImageOfPage\":{\"@id\":\"https:\\\/\\\/www.dominosuitehoteljesolo.com\\\/de\\\/wo-wir-sind\\\/#primaryimage\"},\"image\":{\"@id\":\"https:\\\/\\\/www.dominosuitehoteljesolo.com\\\/de\\\/wo-wir-sind\\\/#primaryimage\"},\"thumbnailUrl\":\"https:\\\/\\\/www.dominosuitehoteljesolo.com\\\/wp-content\\\/uploads\\\/2022\\\/03\\\/domino-suite-hotel-facciata.jpg\",\"datePublished\":\"2022-03-08T14:01:40+00:00\",\"dateModified\":\"2022-03-16T16:48:31+00:00\",\"description\":\"Besuchen Sie uns im Hotel Domino Suite in Jesolo und erfahren Sie, wie Sie uns erreichen k\u00f6nnen.\",\"breadcrumb\":{\"@id\":\"https:\\\/\\\/www.dominosuitehoteljesolo.com\\\/de\\\/wo-wir-sind\\\/#breadcrumb\"},\"inLanguage\":\"de\",\"potentialAction\":[{\"@type\":\"ReadAction\",\"target\":[\"https:\\\/\\\/www.dominosuitehoteljesolo.com\\\/de\\\/wo-wir-sind\\\/\"]}]},{\"@type\":\"ImageObject\",\"inLanguage\":\"de\",\"@id\":\"https:\\\/\\\/www.dominosuitehoteljesolo.com\\\/de\\\/wo-wir-sind\\\/#primaryimage\",\"url\":\"https:\\\/\\\/www.dominosuitehoteljesolo.com\\\/wp-content\\\/uploads\\\/2022\\\/03\\\/domino-suite-hotel-facciata.jpg\",\"contentUrl\":\"https:\\\/\\\/www.dominosuitehoteljesolo.com\\\/wp-content\\\/uploads\\\/2022\\\/03\\\/domino-suite-hotel-facciata.jpg\",\"width\":1800,\"height\":1200},{\"@type\":\"BreadcrumbList\",\"@id\":\"https:\\\/\\\/www.dominosuitehoteljesolo.com\\\/de\\\/wo-wir-sind\\\/#breadcrumb\",\"itemListElement\":[{\"@type\":\"ListItem\",\"position\":1,\"name\":\"Home\",\"item\":\"https:\\\/\\\/www.dominosuitehoteljesolo.com\\\/de\\\/\"},{\"@type\":\"ListItem\",\"position\":2,\"name\":\"Wo wir sind\"}]},{\"@type\":\"WebSite\",\"@id\":\"https:\\\/\\\/www.dominosuitehoteljesolo.com\\\/de\\\/#website\",\"url\":\"https:\\\/\\\/www.dominosuitehoteljesolo.com\\\/de\\\/\",\"name\":\"Domino Suite Hotel &amp; Residence\",\"description\":\"Hotel e residence 3 stelle a Lido di Jesolo.\",\"publisher\":{\"@id\":\"https:\\\/\\\/www.dominosuitehoteljesolo.com\\\/de\\\/#organization\"},\"potentialAction\":[{\"@type\":\"SearchAction\",\"target\":{\"@type\":\"EntryPoint\",\"urlTemplate\":\"https:\\\/\\\/www.dominosuitehoteljesolo.com\\\/de\\\/?s={search_term_string}\"},\"query-input\":{\"@type\":\"PropertyValueSpecification\",\"valueRequired\":true,\"valueName\":\"search_term_string\"}}],\"inLanguage\":\"de\"},{\"@type\":\"Organization\",\"@id\":\"https:\\\/\\\/www.dominosuitehoteljesolo.com\\\/de\\\/#organization\",\"name\":\"Domino Suite Hotel &amp; Residence\",\"url\":\"https:\\\/\\\/www.dominosuitehoteljesolo.com\\\/de\\\/\",\"logo\":{\"@type\":\"ImageObject\",\"inLanguage\":\"de\",\"@id\":\"https:\\\/\\\/www.dominosuitehoteljesolo.com\\\/de\\\/#\\\/schema\\\/logo\\\/image\\\/\",\"url\":\"http:\\\/\\\/dominosuitehoteljesolo.srv11-mediacy.it\\\/wp-content\\\/uploads\\\/2022\\\/02\\\/logo.png\",\"contentUrl\":\"http:\\\/\\\/dominosuitehoteljesolo.srv11-mediacy.it\\\/wp-content\\\/uploads\\\/2022\\\/02\\\/logo.png\",\"width\":282,\"height\":300,\"caption\":\"Domino Suite Hotel &amp; Residence\"},\"image\":{\"@id\":\"https:\\\/\\\/www.dominosuitehoteljesolo.com\\\/de\\\/#\\\/schema\\\/logo\\\/image\\\/\"}}]}<\/script>\n<!-- \/ Yoast SEO plugin. -->","yoast_head_json":{"title":"Wo wir sind - Domino Suite Hotel &amp; Residence","description":"Besuchen Sie uns im Hotel Domino Suite in Jesolo und erfahren Sie, wie Sie uns erreichen k\u00f6nnen.","robots":{"index":"index","follow":"follow","max-snippet":"max-snippet:-1","max-image-preview":"max-image-preview:large","max-video-preview":"max-video-preview:-1"},"canonical":"https:\/\/www.dominosuitehoteljesolo.com\/de\/wo-wir-sind\/","og_locale":"de_DE","og_type":"article","og_title":"Wo wir sind - Domino Suite Hotel &amp; Residence","og_description":"Besuchen Sie uns im Hotel Domino Suite in Jesolo und erfahren Sie, wie Sie uns erreichen k\u00f6nnen.","og_url":"https:\/\/www.dominosuitehoteljesolo.com\/de\/wo-wir-sind\/","og_site_name":"Domino Suite Hotel &amp; Residence","article_modified_time":"2022-03-16T16:48:31+00:00","og_image":[{"width":1800,"height":1200,"url":"https:\/\/www.dominosuitehoteljesolo.com\/wp-content\/uploads\/2022\/03\/domino-suite-hotel-facciata.jpg","type":"image\/jpeg"}],"twitter_card":"summary_large_image","twitter_misc":{"Gesch\u00e4tzte Lesezeit":"1\u00a0Minute"},"schema":{"@context":"https:\/\/schema.org","@graph":[{"@type":"WebPage","@id":"https:\/\/www.dominosuitehoteljesolo.com\/de\/wo-wir-sind\/","url":"https:\/\/www.dominosuitehoteljesolo.com\/de\/wo-wir-sind\/","name":"Wo wir sind - Domino Suite Hotel &amp; Residence","isPartOf":{"@id":"https:\/\/www.dominosuitehoteljesolo.com\/de\/#website"},"primaryImageOfPage":{"@id":"https:\/\/www.dominosuitehoteljesolo.com\/de\/wo-wir-sind\/#primaryimage"},"image":{"@id":"https:\/\/www.dominosuitehoteljesolo.com\/de\/wo-wir-sind\/#primaryimage"},"thumbnailUrl":"https:\/\/www.dominosuitehoteljesolo.com\/wp-content\/uploads\/2022\/03\/domino-suite-hotel-facciata.jpg","datePublished":"2022-03-08T14:01:40+00:00","dateModified":"2022-03-16T16:48:31+00:00","description":"Besuchen Sie uns im Hotel Domino Suite in Jesolo und erfahren Sie, wie Sie uns erreichen k\u00f6nnen.","breadcrumb":{"@id":"https:\/\/www.dominosuitehoteljesolo.com\/de\/wo-wir-sind\/#breadcrumb"},"inLanguage":"de","potentialAction":[{"@type":"ReadAction","target":["https:\/\/www.dominosuitehoteljesolo.com\/de\/wo-wir-sind\/"]}]},{"@type":"ImageObject","inLanguage":"de","@id":"https:\/\/www.dominosuitehoteljesolo.com\/de\/wo-wir-sind\/#primaryimage","url":"https:\/\/www.dominosuitehoteljesolo.com\/wp-content\/uploads\/2022\/03\/domino-suite-hotel-facciata.jpg","contentUrl":"https:\/\/www.dominosuitehoteljesolo.com\/wp-content\/uploads\/2022\/03\/domino-suite-hotel-facciata.jpg","width":1800,"height":1200},{"@type":"BreadcrumbList","@id":"https:\/\/www.dominosuitehoteljesolo.com\/de\/wo-wir-sind\/#breadcrumb","itemListElement":[{"@type":"ListItem","position":1,"name":"Home","item":"https:\/\/www.dominosuitehoteljesolo.com\/de\/"},{"@type":"ListItem","position":2,"name":"Wo wir sind"}]},{"@type":"WebSite","@id":"https:\/\/www.dominosuitehoteljesolo.com\/de\/#website","url":"https:\/\/www.dominosuitehoteljesolo.com\/de\/","name":"Domino Suite Hotel &amp; Residence","description":"Hotel e residence 3 stelle a Lido di Jesolo.","publisher":{"@id":"https:\/\/www.dominosuitehoteljesolo.com\/de\/#organization"},"potentialAction":[{"@type":"SearchAction","target":{"@type":"EntryPoint","urlTemplate":"https:\/\/www.dominosuitehoteljesolo.com\/de\/?s={search_term_string}"},"query-input":{"@type":"PropertyValueSpecification","valueRequired":true,"valueName":"search_term_string"}}],"inLanguage":"de"},{"@type":"Organization","@id":"https:\/\/www.dominosuitehoteljesolo.com\/de\/#organization","name":"Domino Suite Hotel &amp; Residence","url":"https:\/\/www.dominosuitehoteljesolo.com\/de\/","logo":{"@type":"ImageObject","inLanguage":"de","@id":"https:\/\/www.dominosuitehoteljesolo.com\/de\/#\/schema\/logo\/image\/","url":"http:\/\/dominosuitehoteljesolo.srv11-mediacy.it\/wp-content\/uploads\/2022\/02\/logo.png","contentUrl":"http:\/\/dominosuitehoteljesolo.srv11-mediacy.it\/wp-content\/uploads\/2022\/02\/logo.png","width":282,"height":300,"caption":"Domino Suite Hotel &amp; Residence"},"image":{"@id":"https:\/\/www.dominosuitehoteljesolo.com\/de\/#\/schema\/logo\/image\/"}}]}},"coauthors":[],"author_meta":{"author_link":"https:\/\/www.dominosuitehoteljesolo.com\/de\/author\/jsio34h2qsjio6m45ijds\/","display_name":"Luca"},"relative_dates":{"created":"Ver\u00f6ffentlicht 4\u00a0Jahren vor","modified":"Aktualisiert 4\u00a0Jahren vor"},"absolute_dates":{"created":"Ver\u00f6ffentlicht am 08\/03\/2022","modified":"Aktualisiert am 16\/03\/2022"},"absolute_dates_time":{"created":"Ver\u00f6ffentlicht am 08\/03\/2022 15:01","modified":"Aktualisiert am 16\/03\/2022 17:48"},"featured_img_caption":"","featured_img":"https:\/\/www.dominosuitehoteljesolo.com\/wp-content\/uploads\/2022\/03\/domino-suite-hotel-facciata-1568x1045.jpg","series_order":"","_links":{"self":[{"href":"https:\/\/www.dominosuitehoteljesolo.com\/de\/wp-json\/wp\/v2\/pages\/1340","targetHints":{"allow":["GET"]}}],"collection":[{"href":"https:\/\/www.dominosuitehoteljesolo.com\/de\/wp-json\/wp\/v2\/pages"}],"about":[{"href":"https:\/\/www.dominosuitehoteljesolo.com\/de\/wp-json\/wp\/v2\/types\/page"}],"author":[{"embeddable":true,"href":"https:\/\/www.dominosuitehoteljesolo.com\/de\/wp-json\/wp\/v2\/users\/143"}],"replies":[{"embeddable":true,"href":"https:\/\/www.dominosuitehoteljesolo.com\/de\/wp-json\/wp\/v2\/comments?post=1340"}],"version-history":[{"count":7,"href":"https:\/\/www.dominosuitehoteljesolo.com\/de\/wp-json\/wp\/v2\/pages\/1340\/revisions"}],"predecessor-version":[{"id":1848,"href":"https:\/\/www.dominosuitehoteljesolo.com\/de\/wp-json\/wp\/v2\/pages\/1340\/revisions\/1848"}],"wp:featuredmedia":[{"embeddable":true,"href":"https:\/\/www.dominosuitehoteljesolo.com\/de\/wp-json\/wp\/v2\/media\/1158"}],"wp:attachment":[{"href":"https:\/\/www.dominosuitehoteljesolo.com\/de\/wp-json\/wp\/v2\/media?parent=1340"}],"curies":[{"name":"wp","href":"https:\/\/api.w.org\/{rel}","templated":true}]}}